{"id":1695,"date":"2025-12-15T11:41:25","date_gmt":"2025-12-15T11:41:25","guid":{"rendered":"https:\/\/ct.travelblox.eu\/?page_id=1695"},"modified":"2025-12-17T09:30:04","modified_gmt":"2025-12-17T09:30:04","slug":"about-us","status":"publish","type":"page","link":"https:\/\/ct.travelblox.eu\/fr\/about-us\/","title":{"rendered":"\u00c0 propos de nous"},"content":{"rendered":"<div class=\"tb-header tb-block align-center background-dark pattern-none variant-none\" id=\"header\" data-fallback-background=\"https:\/\/ct.travelblox.eu\/wp-content\/uploads\/sites\/42\/2025\/08\/DSC07068.jpg\" style=\"background-image: url('https:\/\/ct.travelblox.eu\/wp-content\/uploads\/sites\/42\/2025\/08\/DSC07068.jpg'); background-position:;\">\n    <div class=\"tb-header-foreground\">\n        <div class=\"inner-block\">\n\n            <div class=\"main-part\">\n                <div class=\"text-part\">\n                                                                <h1 class=\"tb-title\">L'\u00e9quipe et l'histoire derri\u00e8re Canoe Tribe<\/h1>\n                                                                                                                                                                <\/div>\n            <\/div>\n            \t\t<a href=\"#\" class=\"scroll-down-button\">\n\t\t\t<i class=\"fa fa-arrow-down\"><\/i>\n\t\t<\/a>\n\t\n                    <\/div>\n    <\/div>\n\n    \n    \n<\/div>\n\n\n<div class=\"tb-textimage2 tb-block align-left background-light pattern-none variant-text_first tb-collapsible-margins\" id=\"textimage2\">\n\t<div class=\"inner-block tb-fade-in\">\n\n\t\t\n\t\t<div class=\"tb-columns\">\n\t\t\t<div class=\"tb-column\">\n\t\t\t\t<div class=\"tb-text-part\">\n\t\t\t\t\t<h2>Le Cano\u00eb Trip en Famille<\/h2>\n\t\t\t\t\t\t\t<div class=\"translation-block\"><p>Le Cano\u00eb Trip vous emm\u00e8ne dans une aventure inoubliable \u00e0 travers la <strong>nature pr\u00e9serv\u00e9e de la Su\u00e8de<\/strong> \u00e0 Nordmarken, l'une des plus anciennes zones de cano\u00eb en Su\u00e8de.<\/p><p>Notre objectif est d'offrir \u00e0 chacun une <strong>pause aventureuse en pleine nature<\/strong> et de rechercher une <strong>vraie connexion<\/strong> avec la <strong>nature<\/strong> et les <strong>personnes qui vous entourent<\/strong>. Nous avons donc s\u00e9lectionn\u00e9 les plus beaux endroits pour un magnifique <strong>voyage en cano\u00eb de sept ou trois jours<\/strong>, o\u00f9 vous pourrez vivre l'<strong>aventure<\/strong> avec vo<strong>s proches<\/strong>.<\/p><p>Nous veillons \u00e0 ce que vous puissiez <strong>voyager l'esprit tranquille<\/strong>, car nous nous occupons de tous les <strong>aspects pratiques<\/strong> et organisons un <strong>programme sympa<\/strong>.<\/p><\/div>\n\t\t\t\t\t\t\t\t\t\t\t<div class=\"tb-buttons-part\">\n\t\t\t\t\t\t\t\t<a href=\"http:\/\/canoetribe.com\/nl\/#join\"  target=\"\" class=\"tb-button\">\n\t\t\tRejoignez l'aventure\t\t<\/a>\n\t\t\t\t\t\t\t\t\t\t\t\t\t<\/div>\n\t\t\t\t<\/div>\n\t\t\t<\/div>\n\t\t\t<div class=\"tb-column\">\n\t\t\t\t\t\t\t\t\t\t\t\t\t\t\t<div class=\"tb-image-part\">\n\t\t\t\t\t\t\t\t\t\t\t<div class=\"inner-block-full-width has-tb-carousel tb-carousel-slider\" >\n\t\t\t<div class=\"tb-carousel-container\">\n\t\t\t\t<div class=\"entries tb-cards\" data-slider-first=\"0\">\n\t\t\t\t\t\t\t\t\t<div class=\"entry\">\n\t\t\t\t<div class=\"tb-image-part\">\n\t\t\t\t\t<figure>\n\t\t\t\t\t\t<img src='https:\/\/ct.travelblox.eu\/wp-content\/uploads\/sites\/42\/2025\/12\/DSC06063-1-768x512.jpg' width='768' height='512' alt='enfant avec cano\u00eb' loading='lazy' image_size='medium_large'>\t\t\t\t\t\t\t\t\t\t\t\t\t\t\t\t\t\t\t\t\t\t\t\t\t\t\t\t\t\t\t<\/figure>\n\t\t\t\t<\/div>\n\t\t\t<\/div>\n\t\t\t\t\t<div class=\"entry\">\n\t\t\t\t<div class=\"tb-image-part\">\n\t\t\t\t\t<figure>\n\t\t\t\t\t\t<img src='https:\/\/ct.travelblox.eu\/wp-content\/uploads\/sites\/42\/2025\/12\/DSC06566-768x512.jpg' width='768' height='512' alt='famille en excursion en cano\u00eb' loading='lazy' image_size='medium_large'>\t\t\t\t\t\t\t\t\t\t\t\t\t\t\t\t\t\t\t\t\t\t\t\t\t\t\t\t\t\t\t<\/figure>\n\t\t\t\t<\/div>\n\t\t\t<\/div>\n\t\t\t\t\t<div class=\"entry\">\n\t\t\t\t<div class=\"tb-image-part\">\n\t\t\t\t\t<figure>\n\t\t\t\t\t\t<img src='https:\/\/ct.travelblox.eu\/wp-content\/uploads\/sites\/42\/2025\/12\/DSC07213-768x512.jpg' width='768' height='512' alt='slackline' loading='lazy' image_size='medium_large'>\t\t\t\t\t\t\t\t\t\t\t\t\t\t\t\t\t\t\t\t\t\t\t\t\t\t\t\t\t\t\t<\/figure>\n\t\t\t\t<\/div>\n\t\t\t<\/div>\n\t\t\t\t\t\t\t\t<\/div>\n\t\t\t\t\t\t<div class=\"tb-carousel-nav\">\n\t\t\t<div class=\"dots\">\n\t\t\t\t<div class=\"dot active\"><\/div>\n\t\t\t\t<div class=\"dot\"><\/div>\n\t\t\t\t<div class=\"dot\"><\/div>\n\t\t\t<\/div>\n\t\t\t<div class=\"arrows\">\n\t\t\t\t<div class=\"prev disabled\">\n\t\t\t\t\t<span><i class=\"fa fa-chevron-left\"><\/i><\/span>\n\t\t\t\t<\/div>\n\t\t\t\t<div class=\"next\">\n\t\t\t\t\t<span><i class=\"fa fa-chevron-right\"><\/i><\/span>\n\t\t\t\t<\/div>\n\t\t\t<\/div>\n\t\t<\/div>\n\t\t\t\t<\/div>\n\t\t<\/div>\n\t\t\t\t\t\t\t\t<\/div>\n\t\t\t\t\t\t\t\t\t\t\t\t<\/div>\n\t\t<\/div>\n\t<\/div>\n<\/div>\n\n\n<div class=\"tb-team tb-block align-center background-dark pattern-default variant-none tb-collapsible-margins\" id=\"team\">\n\t<div class=\"inner-block tb-fade-in tb-fade-in--subtle\">\n\t\t<div class=\"text-part\">\n\t\t\t<h2>L'\u00e9quipe<\/h2>\n\t\t\t\t\t<div class=\"translation-block\"><p>Notre \u00e9quipe se compose de quatre passionn\u00e9s de plein air, amoureux des sports et des voyages nature. En collaboration avec nos partenaires locaux en Su\u00e8de, nous travaillons toute l'ann\u00e9e sur le Cano\u00eb Trip. Ainsi, nous pouvons vous offrir l'exp\u00e9rience de voyage la plus unique qui, nous l'esp\u00e9rons, restera grav\u00e9e dans votre m\u00e9moire toute votre vie.<\/p><\/div>\n\t\t\t<\/div>\n\t<\/div>\n\t\t\t\t\t<div class=\"inner-block-full-width has-tb-carousel\" >\n\t\t\t<div class=\"tb-carousel-container\">\n\t\t\t\t<div class=\"entries tb-cards\" data-slider-first=\"1\">\n\t\t\t\t\t\t\t\t\t<div class=\"tb-card entry\" style=\"background-image: url('https:\/\/ct.travelblox.eu\/wp-content\/uploads\/sites\/42\/2025\/12\/kerstin-1-1-e1765446115218-960x1024.jpg')\">\n\t\t\t\t<label for=\"tb-team-read-more-block_s42__p1695__team-0\" class=\"tb-team__card-label\">\n\t\t\t\t\t<div class=\"overlay\"><\/div>\n\t\t\t\t\t<div class=\"overlay overlay--extra\"><\/div>\n\t\t\t\t\t<div class=\"content\">\n\t\t\t\t\t\t<div class=\"tb-team__card-titles\">\n\t\t\t\t\t\t\t<h3>Kerstin<\/h3>\n\t\t\t\t\t\t\t\t\t\t\t\t\t\t\t<p>S'occupe de tous les d\u00e9tails pratiques pour votre voyage<\/p>\n\t\t\t\t\t\t\t\t\t\t\t\t\t<\/div>\n\t\t\t\t\t\t\t\t\t\t\t<\/div>\n\t\t\t\t\t<input type=\"checkbox\" class=\"tb-team__card-checkbox\" id=\"tb-team-read-more-block_s42__p1695__team-0\">\n\t\t\t\t<\/label>\n\t\t\t<\/div>\n\t\t\t\t\t<div class=\"tb-card entry\" style=\"background-image: url('https:\/\/ct.travelblox.eu\/wp-content\/uploads\/sites\/42\/2025\/12\/DSC03811-1-e1765446979596-764x1024.jpg')\">\n\t\t\t\t<label for=\"tb-team-read-more-block_s42__p1695__team-1\" class=\"tb-team__card-label\">\n\t\t\t\t\t<div class=\"overlay\"><\/div>\n\t\t\t\t\t<div class=\"overlay overlay--extra\"><\/div>\n\t\t\t\t\t<div class=\"content\">\n\t\t\t\t\t\t<div class=\"tb-team__card-titles\">\n\t\t\t\t\t\t\t<h3>Tom<\/h3>\n\t\t\t\t\t\t\t\t\t\t\t\t\t\t\t<p>D\u00e9veloppe de nouvelles aventures en cano\u00eb<\/p>\n\t\t\t\t\t\t\t\t\t\t\t\t\t<\/div>\n\t\t\t\t\t\t\t\t\t\t\t<\/div>\n\t\t\t\t\t<input type=\"checkbox\" class=\"tb-team__card-checkbox\" id=\"tb-team-read-more-block_s42__p1695__team-1\">\n\t\t\t\t<\/label>\n\t\t\t<\/div>\n\t\t\t\t\t<div class=\"tb-card entry\" style=\"background-image: url('https:\/\/ct.travelblox.eu\/wp-content\/uploads\/sites\/42\/2025\/12\/TessaV_1-1-683x1024.jpg')\">\n\t\t\t\t<label for=\"tb-team-read-more-block_s42__p1695__team-2\" class=\"tb-team__card-label\">\n\t\t\t\t\t<div class=\"overlay\"><\/div>\n\t\t\t\t\t<div class=\"overlay overlay--extra\"><\/div>\n\t\t\t\t\t<div class=\"content\">\n\t\t\t\t\t\t<div class=\"tb-team__card-titles\">\n\t\t\t\t\t\t\t<h3>Tessa<\/h3>\n\t\t\t\t\t\t\t\t\t\t\t\t\t\t\t<p>Est pr\u00eate \u00e0 r\u00e9pondre aux questions<\/p>\n\t\t\t\t\t\t\t\t\t\t\t\t\t<\/div>\n\t\t\t\t\t\t\t\t\t\t\t<\/div>\n\t\t\t\t\t<input type=\"checkbox\" class=\"tb-team__card-checkbox\" id=\"tb-team-read-more-block_s42__p1695__team-2\">\n\t\t\t\t<\/label>\n\t\t\t<\/div>\n\t\t\t\t\t<div class=\"tb-card entry\" style=\"background-image: url('https:\/\/ct.travelblox.eu\/wp-content\/uploads\/sites\/42\/2025\/12\/LucaM-1-683x1024.jpg')\">\n\t\t\t\t<label for=\"tb-team-read-more-block_s42__p1695__team-3\" class=\"tb-team__card-label\">\n\t\t\t\t\t<div class=\"overlay\"><\/div>\n\t\t\t\t\t<div class=\"overlay overlay--extra\"><\/div>\n\t\t\t\t\t<div class=\"content\">\n\t\t\t\t\t\t<div class=\"tb-team__card-titles\">\n\t\t\t\t\t\t\t<h3>Luca<\/h3>\n\t\t\t\t\t\t\t\t\t\t\t\t\t\t\t<p>G\u00e8re notre basecamp Outpost North<\/p>\n\t\t\t\t\t\t\t\t\t\t\t\t\t<\/div>\n\t\t\t\t\t\t\t\t\t\t\t<\/div>\n\t\t\t\t\t<input type=\"checkbox\" class=\"tb-team__card-checkbox\" id=\"tb-team-read-more-block_s42__p1695__team-3\">\n\t\t\t\t<\/label>\n\t\t\t<\/div>\n\t\t\t\t\t\t\t\t<\/div>\n\t\t\t\t\t\t<div class=\"tb-carousel-nav\">\n\t\t\t<div class=\"dots\">\n\t\t\t\t<div class=\"dot active\"><\/div>\n\t\t\t\t<div class=\"dot\"><\/div>\n\t\t\t\t<div class=\"dot\"><\/div>\n\t\t\t<\/div>\n\t\t\t<div class=\"arrows\">\n\t\t\t\t<div class=\"prev disabled\">\n\t\t\t\t\t<span><i class=\"fa fa-chevron-left\"><\/i><\/span>\n\t\t\t\t<\/div>\n\t\t\t\t<div class=\"next\">\n\t\t\t\t\t<span><i class=\"fa fa-chevron-right\"><\/i><\/span>\n\t\t\t\t<\/div>\n\t\t\t<\/div>\n\t\t<\/div>\n\t\t\t\t<\/div>\n\t\t<\/div>\n\t\t\t\t\t<div class=\"tb-team__extra inner-block tb-fade-in tb-fade-in--subtle\">\n\t\t\t<div class=\"text-part\">\n\t\t\t\t<h3>Une question sur ton voyage?<\/h3>\n\t\t\t\t\t\t<div class=\"translation-block\"><p>N'h\u00e9site pas \u00e0 nous envoyer un message, nous serons ravis de vous aider!<\/p><\/div>\n\t\t\t\t\t<div class=\"tb-buttons-part\">\n\t\t\t\t\t\t\t<a href=\"https:\/\/ct.travelblox.eu\/fr\/contact\/\"  target=\"_blank\" class=\"tb-button\">\n\t\t\tPose une question\t\t<\/a>\n\t\t\t\t\t\t<\/div>\n\t\t\t<\/div>\n\t\t<\/div>\n\t<\/div>\n\n\n<div class=\"tb-leadtext tb-block align-center background-light pattern-none variant-none tb-collapsible-margins\" id=\"leadtext\">\n\t<div class=\"inner-block tb-fade-in tb-fade-in--subtle\">\n\t\t<div class=\"text-part\">\n\t\t\t\t\t<div class=\"translation-block\"><p>La version famille du Cano\u00eb Trip fait partie de <a href=\"https:\/\/tribelife.eu\/nl\/\" target=\"_blank\"><strong>Tribe Life<\/strong><\/a>, un concept de <a href=\"http:\/\/www.travelbase.eu\/?_gl=1*g7e588*_ga*ODU1NjQ3NzA4LjE2NTQ3NzAzNzk.*_ga_3NV9EKW7XY*MTY5NzIwMzEwMi4yNTEuMS4xNjk3MjAzMTA2LjU2LjAuMA..*_ga_MNM1Z0RZ2L*MTY5NzIwMzEwMi4yODQuMS4xNjk3MjAzMTA2LjAuMC4w\" target=\"_blank\">Travelbase<\/a>, une entreprise de voyage en pleine croissance avec plus de <strong>20 marques de voyages uniques et<\/strong> <a href=\"https:\/\/travelbase.eu\/reisthema\/familiereizen\/\" target=\"_blank\"><strong>communaut\u00e9s<\/strong><\/a>. Depuis 2010, nous concevons des exp\u00e9riences de voyage actives inoubliables, principalement en Europe.<\/p><p>Avec <strong>Tribe Life<\/strong> , nous rendons les voyages d'aventure accessibles \u00e0 toute la famille. Chaque voyage est sp\u00e9cialement con\u00e7u pour les parents et les enfants, avec un accent sur <strong>la nature<\/strong> et <strong>l'aventure<\/strong>. Nous aimons vous sortir de votre zone de confort pour \u00e9largir vos horizons et vous <strong>connecter<\/strong> avec l'environnement et les personnes qui vous entourent.<\/p><\/div>\n\t\t\t<\/div>\n\t<\/div>\n<\/div>\n\n\n\n\n\n<div class=\"tb-textimage2 tb-block align-left background-light pattern-none variant-text_first tb-collapsible-margins\" id=\"textimage2-1\">\n\t<div class=\"inner-block tb-fade-in\">\n\n\t\t\n\t\t<div class=\"tb-columns\">\n\t\t\t<div class=\"tb-column\">\n\t\t\t\t<div class=\"tb-text-part\">\n\t\t\t\t\t<h2>Voyager avec un impact positif<\/h2>\n\t\t\t\t\t\t\t<div class=\"translation-block\"><p>Au Cano\u00eb Trip, nous croyons en des <strong>voyages<\/strong> ayant un <strong>impact positif<\/strong>.<\/p><p>Gr\u00e2ce \u00e0 notre propre <strong>Butterfly Foundation<\/strong>, nous soutenons des dizaines de <strong>projets sociaux et \u00e9cologiques<\/strong> \u00e0 travers le monde.<\/p><p>En <strong>Su\u00e8de<\/strong>, nous soutenons notamment <a href=\"https:\/\/butterfly-foundation.org\/nl\/partners\/swedens-big-five\" target=\"_blank\"><strong>Sweden\u2019s Big Five<\/strong><\/a> et <a href=\"https:\/\/butterfly-foundation.org\/nl\/partners\/skydda-skogen\" target=\"_blank\"><strong>Skydda Skogen<\/strong><\/a>. Ces organisations s'engagent \u00e0 <strong>prot\u00e9ger<\/strong> les <strong>pr\u00e9dateurs sauvages<\/strong> contre la chasse et \u00e0 prot\u00e9ger et <strong>restaurer<\/strong> les <strong>for\u00eats anciennes su\u00e9doises<\/strong>.<\/p><p>En <strong>voyageant<\/strong> avec nous, vous soutenez des <strong>projets<\/strong> qui font vraiment la diff\u00e9rence.<\/p><\/div>\n\t\t\t\t\t\t\t\t\t\t\t<div class=\"tb-buttons-part\">\n\t\t\t\t\t\t\t\t<a href=\"https:\/\/butterfly-foundation.org\/\"  target=\"_blank\" class=\"tb-button\">\n\t\t\tEn savoir plus sur The Butterfly Foundation\t\t<\/a>\n\t\t\t\t\t\t\t\t\t\t\t\t\t<\/div>\n\t\t\t\t<\/div>\n\t\t\t<\/div>\n\t\t\t<div class=\"tb-column\">\n\t\t\t\t\t\t\t\t\t\t\t\t\t\t\t<div class=\"tb-video-part\">\n\t\t\t\t\t\t\t<iframe src=\"https:\/\/iframe.mediadelivery.net\/embed\/295792\/01f5f1ec-432e-4cc6-8f6f-cccac8211c22?autoplay=false&#038;preload=true&#038;loop=true&#038;responsive=true\" allow=\"accelerometer;gyroscope;encrypted-media;picture-in-picture;\" allowfullscreen=\"true\" style=\"border: none;\" loading=\"lazy\"><\/iframe>\t\t\t\t\t\t<\/div>\n\t\t\t\t\t\t\t\t\t\t\t\t<\/div>\n\t\t<\/div>\n\t<\/div>\n<\/div>","protected":false},"excerpt":{"rendered":"","protected":false},"author":15,"featured_media":1193,"parent":0,"menu_order":0,"comment_status":"closed","ping_status":"closed","template":"","meta":{"_acf_changed":false,"inline_featured_image":false,"footnotes":""},"class_list":["post-1695","page","type-page","status-publish","has-post-thumbnail","hentry"],"acf":{"page_package_ids":"","is_main_package_page":false,"additional_linked_packages":[],"feed_page_to_atlas":true},"_links":{"self":[{"href":"https:\/\/ct.travelblox.eu\/fr\/wp-json\/wp\/v2\/pages\/1695","targetHints":{"allow":["GET"]}}],"collection":[{"href":"https:\/\/ct.travelblox.eu\/fr\/wp-json\/wp\/v2\/pages"}],"about":[{"href":"https:\/\/ct.travelblox.eu\/fr\/wp-json\/wp\/v2\/types\/page"}],"author":[{"embeddable":true,"href":"https:\/\/ct.travelblox.eu\/fr\/wp-json\/wp\/v2\/users\/15"}],"replies":[{"embeddable":true,"href":"https:\/\/ct.travelblox.eu\/fr\/wp-json\/wp\/v2\/comments?post=1695"}],"version-history":[{"count":13,"href":"https:\/\/ct.travelblox.eu\/fr\/wp-json\/wp\/v2\/pages\/1695\/revisions"}],"predecessor-version":[{"id":1723,"href":"https:\/\/ct.travelblox.eu\/fr\/wp-json\/wp\/v2\/pages\/1695\/revisions\/1723"}],"wp:featuredmedia":[{"embeddable":true,"href":"https:\/\/ct.travelblox.eu\/fr\/wp-json\/wp\/v2\/media\/1193"}],"wp:attachment":[{"href":"https:\/\/ct.travelblox.eu\/fr\/wp-json\/wp\/v2\/media?parent=1695"}],"curies":[{"name":"wp","href":"https:\/\/api.w.org\/{rel}","templated":true}]}}