{"id":1346,"date":"2025-08-21T08:34:44","date_gmt":"2025-08-21T08:34:44","guid":{"rendered":"https:\/\/ct.travelblox.eu\/?page_id=1346"},"modified":"2026-04-08T10:20:06","modified_gmt":"2026-04-08T10:20:06","slug":"offerte","status":"publish","type":"page","link":"https:\/\/ct.travelblox.eu\/fr\/offerte\/","title":{"rendered":"quote &#8211; Canoe Tribe"},"content":{"rendered":"<div class=\"tb-header tb-block align-center background-dark pattern-none variant-none\" id=\"header\" data-fallback-background=\"https:\/\/vz-2d98b19f-729.b-cdn.net\/2d3f7821-1385-46ab-b9b6-b417e47db3b9\/thumbnail.jpg\" style=\"background-image: url('https:\/\/vz-2d98b19f-729.b-cdn.net\/2d3f7821-1385-46ab-b9b6-b417e47db3b9\/thumbnail.jpg'); background-position:center;\">\n    <div class=\"tb-header-foreground\">\n        <div class=\"inner-block\">\n\n            <div class=\"main-part\">\n                <div class=\"text-part\">\n                                            <p><a href=\"https:\/\/travelbase.eu\/\">Travelbase<\/a> pr\u00e9sente<\/p>\n                                                                                            <h1>\t<span class=\"tb-logo\"  style=\"-webkit-mask-image: url(https:\/\/ct.travelblox.eu\/wp-content\/uploads\/sites\/42\/2025\/08\/ct-logo-white.png); mask-image: url(https:\/\/ct.travelblox.eu\/wp-content\/uploads\/sites\/42\/2025\/08\/ct-logo-white.png)\">\n\t\t<img src='https:\/\/ct.travelblox.eu\/wp-content\/uploads\/sites\/42\/2025\/08\/ct-logo-white.png' width='919' height='592' alt='Canoe Tribe logo' title='Le Cano\u00eb Trip en Famille' loading='lazy'>\n\t<\/span>\n<\/h1>\n                                                                                        <h2 class=\"tb-subtitle\">\t\t<div class=\"translation-block\"><p>Abordable en famille pour une aventure en cano\u00eb dans la nature su\u00e9doise<\/p><\/div>\n\t<\/h2>\n                                                                                                                                <div class=\"tb-buttons-part\">\n                                                            \t\t<a href=\"https:\/\/booking.travelbase.eu\/ct26\/offer?lang=fr\"  target=\"_blank\" class=\"tb-button\">\n\t\t\tDemande un devis\t\t<\/a>\n\t\t                                                                                        \t\t<a href=\"https:\/\/canoetribe.com\/nl\/\"  target=\"\" class=\"tb-buttonlink\">\n\t\t\tPlus d'infos sur Canoe Tribe\t\t<\/a>\n\t\t                                                    <\/div>\n                                                        <\/div>\n            <\/div>\n            \n                    <\/div>\n    <\/div>\n\n                        <div class=\"tb-header-background tb-header-background--has-iframe\">\n                        <iframe src=\"https:\/\/iframe.mediadelivery.net\/embed\/306445\/2d3f7821-1385-46ab-b9b6-b417e47db3b9?autoplay=true&#038;preload=true&#038;loop=true&#038;responsive=true&#038;muted=true\" allow=\"accelerometer;gyroscope;encrypted-media;picture-in-picture;autoplay;muted;\" allowfullscreen=\"true\" style=\"border: none;\" loading=\"lazy\"><\/iframe>                    <\/div>\n    \n    \n<\/div>\n\n\n<div class=\"tb-intro tb-block align-none background-middle pattern-none variant-none tb-collapsible-margins\" id=\"intro\">\n    <div class=\"inner-block tb-fade-in tb-fade-in--subtle\">\n\n        \n\n        <div class=\"text-part content-part\">\n            <div class=\"title-meta-inclusive\">\n                <div class=\"title-and-meta\">\n                                            <div class=\"title-part\">\n                                                            <h3>Envie de passer des vacances d'aventure en famille? <\/h3>\n                                                                                                                            <h4>\t\t<div class=\"translation-block\">Le Cano\u00eb Trip en Famille<\/div>\n\t<\/h4>\n                                                                                    <\/div>\n                                        <ul class=\"meta-data\">\n                                                    <li>\n                                <i class=\"fa fa-regular fa-tag\"><\/i>\n                                <span>\u00c0 partir de 375 \u20ac<\/span>\n                            <\/li>\n                                                                            <li>\n                                <i class=\"fa fa-regular fa-calendar\"><\/i>\n                                <span><p>juillet &#8211; ao\u00fbt 2026<\/p>\n<\/span>\n                            <\/li>\n                                            <\/ul>\n                <\/div>\n                                    <div class=\"inclusive\">\n                                                    <h6>Inclusif<\/h6>\n                                                <ul class=\"\">\n                                                            <li class=\"visible\">\n                                                                            \t\t\t\t<i class=\"icon fa-regular fa-tent\" aria-hidden=\"true\"><\/i>\n\t\t\t                                                                                                                <span>7 nuits<\/span>\n                                                                    <\/li>\n                                                            <li class=\"visible\">\n                                                                            \t\t\t\t<i class=\"icon fa-solid fa-water\" aria-hidden=\"true\"><\/i>\n\t\t\t                                                                                                                <span>6 jours sur l'eau<\/span>\n                                                                    <\/li>\n                                                            <li class=\"visible\">\n                                                                            \t\t\t\t<i class=\"icon fa-solid fa-leaf\" aria-hidden=\"true\"><\/i>\n\t\t\t                                                                                                                <span>Accompagnement en n\u00e9erlandais<\/span>\n                                                                    <\/li>\n                                                            <li class=\"visible\">\n                                                                            \t\t\t\t<i class=\"icon fa-solid fa-money-bills\" aria-hidden=\"true\"><\/i>\n\t\t\t                                                                                                                <span>Les enfants de moins de 8 ans sont gratuits.<\/span>\n                                                                    <\/li>\n                                                    <\/ul>\n                                            <\/div>\n                            <\/div>\n\n                            <div class=\"tb-buttons desktop-only\">\n                                            <a href=\"https:\/\/booking.travelbase.eu\/ct26\/offer?lang=fr\" class=\"tb-button\">\n                                                            Demande un devis                                                    <\/a>\n                                                                <a href=\"https:\/\/canoetribe.com\/nl\/\" class=\"tb-buttonlink\">\n                                                            D\u00e9couvrez Canoe Tribe                                                    <\/a>\n                                    <\/div>\n                    <\/div>\n                                    <div class=\"image-part\">\n                    \t\t\t\t<div class=\"inner-block-full-width has-tb-carousel tb-carousel-slider\" >\n\t\t\t<div class=\"tb-carousel-container\">\n\t\t\t\t<div class=\"entries tb-cards\" data-slider-first=\"0\">\n\t\t\t\t\t\t\t\t\t<div class=\"entry\">\n\t\t\t\t<div class=\"tb-image-part\">\n\t\t\t\t\t<figure>\n\t\t\t\t\t\t<img src='https:\/\/ct.travelblox.eu\/wp-content\/uploads\/sites\/42\/2025\/12\/DSC06063-1-768x512.jpg' width='768' height='512' alt='enfant avec cano\u00eb' loading='lazy' image_size='medium_large'>\t\t\t\t\t\t\t\t\t\t\t\t\t\t\t\t\t\t\t\t\t\t\t\t\t\t\t\t\t\t\t<\/figure>\n\t\t\t\t<\/div>\n\t\t\t<\/div>\n\t\t\t\t\t<div class=\"entry\">\n\t\t\t\t<div class=\"tb-image-part\">\n\t\t\t\t\t<figure>\n\t\t\t\t\t\t<img src='https:\/\/ct.travelblox.eu\/wp-content\/uploads\/sites\/42\/2025\/12\/DSC06013-768x512.jpg' width='768' height='512' loading='lazy' image_size='medium_large'>\t\t\t\t\t\t\t\t\t\t\t\t\t\t\t\t\t\t\t\t\t\t\t\t\t\t\t\t\t\t\t<\/figure>\n\t\t\t\t<\/div>\n\t\t\t<\/div>\n\t\t\t\t\t<div class=\"entry\">\n\t\t\t\t<div class=\"tb-image-part\">\n\t\t\t\t\t<figure>\n\t\t\t\t\t\t<img src='https:\/\/ct.travelblox.eu\/wp-content\/uploads\/sites\/42\/2025\/12\/TCT25-Stylekeuze-aangepast-96-2-768x512.jpg' width='768' height='512' alt='le voyage en cano\u00eb en Frise' loading='lazy' image_size='medium_large'>\t\t\t\t\t\t\t\t\t\t\t\t\t\t\t\t\t\t\t\t\t\t\t\t\t\t\t\t\t\t\t<\/figure>\n\t\t\t\t<\/div>\n\t\t\t<\/div>\n\t\t\t\t\t\t\t\t<\/div>\n\t\t\t\t\t\t<div class=\"tb-carousel-nav\">\n\t\t\t<div class=\"dots\">\n\t\t\t\t<div class=\"dot active\"><\/div>\n\t\t\t\t<div class=\"dot\"><\/div>\n\t\t\t\t<div class=\"dot\"><\/div>\n\t\t\t<\/div>\n\t\t\t<div class=\"arrows\">\n\t\t\t\t<div class=\"prev disabled\">\n\t\t\t\t\t<span><i class=\"fa fa-chevron-left\"><\/i><\/span>\n\t\t\t\t<\/div>\n\t\t\t\t<div class=\"next\">\n\t\t\t\t\t<span><i class=\"fa fa-chevron-right\"><\/i><\/span>\n\t\t\t\t<\/div>\n\t\t\t<\/div>\n\t\t<\/div>\n\t\t\t\t<\/div>\n\t\t<\/div>\n\t\t                <\/div>\n                                        <div class=\"tb-buttons mobile-only\">\n                                    <a href=\"https:\/\/booking.travelbase.eu\/ct26\/offer?lang=fr\" class=\"tb-button\">\n                                                    Demande un devis                                            <\/a>\n                                                    <a href=\"https:\/\/canoetribe.com\/nl\/\" class=\"tb-buttonlink\">\n                                                    D\u00e9couvrez Canoe Tribe                                            <\/a>\n                            <\/div>\n            <\/div>\n<\/div>\n\n\n<div class=\"tb-colcompare tb-block align-center background-light pattern-none variant-cards tb-collapsible-margins\" id=\"colcompare\">\n\t<div class=\"inner-block tb-fade-in tb-fade-in--subtle\">\n\t\t<div class=\"text-part\">\n\t\t\t<h2>Pourquoi Canoe Tribe?<\/h2>\n\t\t\t\t\t<div class=\"translation-block\"><\/div>\n\t\t\t<\/div>\n\t<\/div>\n\t\t\t\t\t<div class=\"inner-block-full-width has-tb-carousel tb-justified\" >\n\t\t\t<div class=\"tb-carousel-container\">\n\t\t\t\t<div class=\"entries tb-cards\" data-slider-first=\"1\">\n\t\t\t\t\t\t\t\t\t<div class=\"tb-card entry tb-fade-in tb-fade-in--subtle\">\n\t\t\t\t<div class=\"tb-image-part\">\n\t\t\t\t\t<img src='https:\/\/ct.travelblox.eu\/wp-content\/uploads\/sites\/42\/2024\/10\/Copy-of-DSC05938-1-768x512.jpg' width='768' height='512' alt='enfants et chien dans le cano\u00eb - vacances en Su\u00e8de - voyager avec des enfants - balade en cano\u00eb en Su\u00e8de - voyages avec des enfants' loading='lazy' image_size='medium_large'>\t\t\t\t<\/div>\n\t\t\t\t<div class=\"tb-card-content text-part\">\n\t\t\t\t\t<h5> Une aventure soigneusement con\u00e7ue<\/h5>\n\t\t\t\t\t\t\t<div class=\"translation-block\"><p>Du camp au cano\u00eb, nous nous occupons de tout pour toi. Nos s\u00e9jours sont soigneusement planifi\u00e9s avec un camp de base unique en pleine nature. Pense \u00e0 des sorties en cano\u00eb quotidiennes, des soir\u00e9es autour du feu de camp, des randonn\u00e9es dans la nature, des jeux en plein air, du yoga et de la musique sous les \u00e9toiles. Tout est fait pour profiter ensemble en famille!<\/p><\/div>\n\t\t\t\t\t\t<div class=\"tb-buttons-part\">\n\t\t\t\t\t\t\t\t\t\t\t<\/div>\n\t\t\t\t<\/div>\n\t\t\t<\/div>\n\t\t\t\t\t<div class=\"tb-card entry tb-fade-in tb-fade-in--subtle\">\n\t\t\t\t<div class=\"tb-image-part\">\n\t\t\t\t\t<img src='https:\/\/ct.travelblox.eu\/wp-content\/uploads\/sites\/42\/2024\/10\/CT_2023_MarionStoffels_LR-291-768x960.jpg' width='768' height='960' alt='camping sauvage en Su\u00e8de - vacances en Su\u00e8de - voyager avec des enfants - excursion en cano\u00eb en Su\u00e8de - voyages en famille' loading='lazy' image_size='medium_large'>\t\t\t\t<\/div>\n\t\t\t\t<div class=\"tb-card-content text-part\">\n\t\t\t\t\t<h5> Aventure \u00e0 un prix juste<\/h5>\n\t\t\t\t\t\t\t<div class=\"translation-block\"><p>Nous croyons qu'une vacances en famille inoubliable ne doit pas \u00eatre ch\u00e8re. En d\u00e9veloppant enti\u00e8rement nos voyages, des itin\u00e9raires au programme, nous pouvons maintenir les co\u00fbts bas tout en offrant une qualit\u00e9 exceptionnelle. Ainsi, vous vivrez une aventure authentique en cano\u00eb avec votre famille, sans compromis.<\/p><\/div>\n\t\t\t\t\t\t<div class=\"tb-buttons-part\">\n\t\t\t\t\t\t\t\t\t\t\t<\/div>\n\t\t\t\t<\/div>\n\t\t\t<\/div>\n\t\t\t\t\t<div class=\"tb-card entry tb-fade-in tb-fade-in--subtle\">\n\t\t\t\t<div class=\"tb-image-part\">\n\t\t\t\t\t<img src='https:\/\/ct.travelblox.eu\/wp-content\/uploads\/sites\/42\/2024\/10\/CT_2023_MarionStoffels_LR-279-1-1-e1728995985319-768x630.jpg' width='768' height='630' alt='canards - vacances en Su\u00e8de - voyager avec des enfants - excursion en cano\u00eb en Su\u00e8de - voyages avec des enfants' loading='lazy' image_size='medium_large'>\t\t\t\t<\/div>\n\t\t\t\t<div class=\"tb-card-content text-part\">\n\t\t\t\t\t<h5> Respect pour la nature et l'environnement<\/h5>\n\t\t\t\t\t\t\t<div class=\"translation-block\"><p>Chez Canoe Tribe, il s'agit de voyager avec respect. Nous choisissons des mat\u00e9riaux durables, nous ne laissons aucune empreinte dans la nature et nous collaborons avec des partenaires locaux. Ainsi, nous laissons une belle empreinte non seulement sur vous et vos enfants, mais aussi sur l'environnement dans lequel nous voyageons.<\/p><\/div>\n\t\t\t\t\t\t<div class=\"tb-buttons-part\">\n\t\t\t\t\t\t\t\t\t\t\t<\/div>\n\t\t\t\t<\/div>\n\t\t\t<\/div>\n\t\t\t\t\t<div class=\"tb-card entry tb-fade-in tb-fade-in--subtle\">\n\t\t\t\t<div class=\"tb-image-part\">\n\t\t\t\t\t<img src='https:\/\/ct.travelblox.eu\/wp-content\/uploads\/sites\/42\/2024\/10\/TCT24_MichielAnnaert_WEB-2-768x503.jpg' width='768' height='503' alt='kayaks au bord de l&#039;eau - vacances en Su\u00e8de - voyager avec des enfants - excursion en kayak en Su\u00e8de - voyages avec des enfants' loading='lazy' image_size='medium_large'>\t\t\t\t<\/div>\n\t\t\t\t<div class=\"tb-card-content text-part\">\n\t\t\t\t\t<h5> Une \u00e9quipe pr\u00eate \u00e0 t'assister<\/h5>\n\t\t\t\t\t\t\t<div class=\"translation-block\"><p>Notre \u00e9quipe est toujours l\u00e0 pour toi, que tu aies besoin d'aide avec ton \u00e9quipement, que tu aies des questions sur le parcours, ou que tu veuilles simplement discuter autour d'un feu de camp. Nous veillons \u00e0 cr\u00e9er une atmosph\u00e8re s\u00fbre et d\u00e9tendue o\u00f9 tout le monde se sent le bienvenu. Tu n'as qu'\u00e0 profiter!<\/p><\/div>\n\t\t\t\t\t\t<div class=\"tb-buttons-part\">\n\t\t\t\t\t\t\t\t\t\t\t<\/div>\n\t\t\t\t<\/div>\n\t\t\t<\/div>\n\t\t\t\t\t\t\t\t<\/div>\n\t\t\t\t\t\t<div class=\"tb-carousel-nav\">\n\t\t\t<div class=\"dots\">\n\t\t\t\t<div class=\"dot active\"><\/div>\n\t\t\t\t<div class=\"dot\"><\/div>\n\t\t\t\t<div class=\"dot\"><\/div>\n\t\t\t<\/div>\n\t\t\t<div class=\"arrows\">\n\t\t\t\t<div class=\"prev disabled\">\n\t\t\t\t\t<span><i class=\"fa fa-chevron-left\"><\/i><\/span>\n\t\t\t\t<\/div>\n\t\t\t\t<div class=\"next\">\n\t\t\t\t\t<span><i class=\"fa fa-chevron-right\"><\/i><\/span>\n\t\t\t\t<\/div>\n\t\t\t<\/div>\n\t\t<\/div>\n\t\t\t\t<\/div>\n\t\t<\/div>\n\t\t\t<\/div>","protected":false},"excerpt":{"rendered":"","protected":false},"author":15,"featured_media":975,"parent":0,"menu_order":0,"comment_status":"closed","ping_status":"closed","template":"","meta":{"_acf_changed":false,"inline_featured_image":false,"footnotes":""},"class_list":["post-1346","page","type-page","status-publish","has-post-thumbnail","hentry"],"acf":{"page_package_ids":"","is_main_package_page":false,"additional_linked_packages":[],"feed_page_to_atlas":true},"_links":{"self":[{"href":"https:\/\/ct.travelblox.eu\/fr\/wp-json\/wp\/v2\/pages\/1346","targetHints":{"allow":["GET"]}}],"collection":[{"href":"https:\/\/ct.travelblox.eu\/fr\/wp-json\/wp\/v2\/pages"}],"about":[{"href":"https:\/\/ct.travelblox.eu\/fr\/wp-json\/wp\/v2\/types\/page"}],"author":[{"embeddable":true,"href":"https:\/\/ct.travelblox.eu\/fr\/wp-json\/wp\/v2\/users\/15"}],"replies":[{"embeddable":true,"href":"https:\/\/ct.travelblox.eu\/fr\/wp-json\/wp\/v2\/comments?post=1346"}],"version-history":[{"count":26,"href":"https:\/\/ct.travelblox.eu\/fr\/wp-json\/wp\/v2\/pages\/1346\/revisions"}],"predecessor-version":[{"id":1811,"href":"https:\/\/ct.travelblox.eu\/fr\/wp-json\/wp\/v2\/pages\/1346\/revisions\/1811"}],"wp:featuredmedia":[{"embeddable":true,"href":"https:\/\/ct.travelblox.eu\/fr\/wp-json\/wp\/v2\/media\/975"}],"wp:attachment":[{"href":"https:\/\/ct.travelblox.eu\/fr\/wp-json\/wp\/v2\/media?parent=1346"}],"curies":[{"name":"wp","href":"https:\/\/api.w.org\/{rel}","templated":true}]}}